{"id":2552,"date":"2025-08-17T21:48:01","date_gmt":"2025-08-17T19:48:01","guid":{"rendered":"https:\/\/suadeo.it\/staging\/caminera\/?page_id=2552"},"modified":"2025-08-24T13:08:09","modified_gmt":"2025-08-24T11:08:09","slug":"chi-siamo","status":"publish","type":"page","link":"https:\/\/suadeo.it\/staging\/caminera\/chi-siamo\/","title":{"rendered":"Chi sono (chi siamo)"},"content":{"rendered":"\t\t<div data-elementor-type=\"wp-page\" data-elementor-id=\"2552\" class=\"elementor elementor-2552\" data-elementor-post-type=\"page\">\n\t\t\t\t<div class=\"elementor-element elementor-element-291b8446 e-con-full e-flex e-con e-parent\" data-id=\"291b8446\" data-element_type=\"container\" data-settings=\"{&quot;background_background&quot;:&quot;classic&quot;}\">\n\t\t\t\t<div class=\"elementor-element elementor-element-6ddbb8ce elementor-widget elementor-widget-heading\" data-id=\"6ddbb8ce\" data-element_type=\"widget\" data-widget_type=\"heading.default\">\n\t\t\t\t<div class=\"elementor-widget-container\">\n\t\t\t\t\t<h1 class=\"elementor-heading-title elementor-size-default\">Chi sono (chi siamo)<\/h1>\t\t\t\t<\/div>\n\t\t\t\t<\/div>\n\t\t\t\t<div class=\"elementor-element elementor-element-4b6949ec elementor-widget elementor-widget-text-editor\" data-id=\"4b6949ec\" data-element_type=\"widget\" data-widget_type=\"text-editor.default\">\n\t\t\t\t<div class=\"elementor-widget-container\">\n\t\t\t\t\t\t\t\t\t<nav aria-label=\"breadcrumbs\" class=\"rank-math-breadcrumb\"><p><span class=\"last\">Home<\/span><\/p><\/nav>\t\t\t\t\t\t\t\t<\/div>\n\t\t\t\t<\/div>\n\t\t\t\t<\/div>\n\t\t<div class=\"elementor-element elementor-element-89d9701 e-flex e-con-boxed e-con e-parent\" data-id=\"89d9701\" data-element_type=\"container\">\n\t\t\t\t\t<div class=\"e-con-inner\">\n\t\t<div class=\"elementor-element elementor-element-bd33330 e-con-full e-flex e-con e-child\" data-id=\"bd33330\" data-element_type=\"container\">\n\t\t\t\t<div class=\"elementor-element elementor-element-cff5799 elementor-widget elementor-widget-heading\" data-id=\"cff5799\" data-element_type=\"widget\" data-widget_type=\"heading.default\">\n\t\t\t\t<div class=\"elementor-widget-container\">\n\t\t\t\t\t<div class=\"elementor-heading-title elementor-size-default\">Dove ogni passo diventa scoperta, ispirazione e incontro con s\u00e9 stessi.<\/div>\t\t\t\t<\/div>\n\t\t\t\t<\/div>\n\t\t\t\t<div class=\"elementor-element elementor-element-5d735e76 elementor-widget__width-inherit elementor-widget-tablet__width-inherit elementor-widget-mobile__width-inherit elementor-widget elementor-widget-heading\" data-id=\"5d735e76\" data-element_type=\"widget\" data-widget_type=\"heading.default\">\n\t\t\t\t<div class=\"elementor-widget-container\">\n\t\t\t\t\t<h2 class=\"elementor-heading-title elementor-size-default\">Il nostro cammino<\/h2>\t\t\t\t<\/div>\n\t\t\t\t<\/div>\n\t\t\t\t<div class=\"elementor-element elementor-element-52fb82b elementor-widget elementor-widget-text-editor\" data-id=\"52fb82b\" data-element_type=\"widget\" data-widget_type=\"text-editor.default\">\n\t\t\t\t<div class=\"elementor-widget-container\">\n\t\t\t\t\t\t\t\t\t<div class=\"chi-siamo-caminera\">\n  <p><strong>Caminera nasce da un\u2019idea semplice ma potente:<\/strong> camminare non \u00e8 solo movimento, \u00e8 trasformazione.<\/p>\n\n  <p>\n    Ogni passo \u00e8 un\u2019occasione per rallentare, ascoltare, guardare dentro di s\u00e9. \n    Lungo i sentieri, lontano dalla fretta quotidiana, la mente si apre, le idee prendono forma \n    e si riscopre il contatto con la parte pi\u00f9 autentica di noi. \n    \u00c8 una pratica di <em>mindfulness in movimento<\/em>, dove respiro e passi si intrecciano \n    fino a diventare meditazione.\n  <\/p>\n\n  <p>\n    Io sono Vanni e questo progetto nasce dal desiderio di condividere queste esperienze. \n    Ma Caminera non vuole restare solo mio: vuole essere uno <strong>spazio aperto<\/strong>, \n    dove chiunque senta il richiamo del passo lento possa trovare ispirazione, racconti, luoghi \n    e strumenti per vivere il cammino con consapevolezza.\n  <\/p>\n\n  <p>\n    Credo che il cammino sia un invito: a prendersi cura di s\u00e9, a lasciarsi sorprendere \n    dalla bellezza della natura e della cultura, a ritrovare equilibrio tra corpo, mente e spirito.\n  <\/p>\n\n  <p>\n    Caminera \u00e8 quindi un percorso, reale e interiore, che appartiene a tutti quelli \n    che scelgono di mettersi in viaggio. \n    E se sei qui, forse anche tu stai gi\u00e0 camminando con me.\n  <\/p>\n<\/div>\n\t\t\t\t\t\t\t\t<\/div>\n\t\t\t\t<\/div>\n\t\t\t\t<\/div>\n\t\t<div class=\"elementor-element elementor-element-0d8a687 e-flex e-con-boxed e-con e-child\" data-id=\"0d8a687\" data-element_type=\"container\">\n\t\t\t\t\t<div class=\"e-con-inner\">\n\t\t\t\t<div class=\"elementor-element elementor-element-d80a3d8 elementor-widget elementor-widget-image\" data-id=\"d80a3d8\" data-element_type=\"widget\" data-widget_type=\"image.default\">\n\t\t\t\t<div class=\"elementor-widget-container\">\n\t\t\t\t\t\t\t\t\t\t\t\t\t\t\t<img fetchpriority=\"high\" decoding=\"async\" width=\"1920\" height=\"2560\" src=\"https:\/\/suadeo.it\/staging\/caminera\/wp-content\/uploads\/2025\/08\/IMG_20190614_102754-scaled.jpg\" class=\"attachment-full size-full wp-image-2554\" alt=\"\" srcset=\"https:\/\/suadeo.it\/staging\/caminera\/wp-content\/uploads\/2025\/08\/IMG_20190614_102754-scaled.jpg 1920w, https:\/\/suadeo.it\/staging\/caminera\/wp-content\/uploads\/2025\/08\/IMG_20190614_102754-225x300.jpg 225w, https:\/\/suadeo.it\/staging\/caminera\/wp-content\/uploads\/2025\/08\/IMG_20190614_102754-768x1024.jpg 768w, https:\/\/suadeo.it\/staging\/caminera\/wp-content\/uploads\/2025\/08\/IMG_20190614_102754-1152x1536.jpg 1152w, https:\/\/suadeo.it\/staging\/caminera\/wp-content\/uploads\/2025\/08\/IMG_20190614_102754-1536x2048.jpg 1536w\" sizes=\"(max-width: 1920px) 100vw, 1920px\" \/>\t\t\t\t\t\t\t\t\t\t\t\t\t\t\t<\/div>\n\t\t\t\t<\/div>\n\t\t\t\t\t<\/div>\n\t\t\t\t<\/div>\n\t\t\t\t\t<\/div>\n\t\t\t\t<\/div>\n\t\t<div class=\"elementor-element elementor-element-1034229b e-con-full e-flex e-con e-parent\" data-id=\"1034229b\" data-element_type=\"container\" data-settings=\"{&quot;background_background&quot;:&quot;classic&quot;}\">\n\t\t<div class=\"elementor-element elementor-element-6fa7f960 e-con-full e-flex e-con e-child\" data-id=\"6fa7f960\" data-element_type=\"container\">\n\t\t<div class=\"elementor-element elementor-element-a5c1fcf e-con-full e-flex e-con e-child\" data-id=\"a5c1fcf\" data-element_type=\"container\">\n\t\t\t\t<div class=\"elementor-element elementor-element-4f98993 elementor-widget elementor-widget-heading\" data-id=\"4f98993\" data-element_type=\"widget\" data-widget_type=\"heading.default\">\n\t\t\t\t<div class=\"elementor-widget-container\">\n\t\t\t\t\t<div class=\"elementor-heading-title elementor-size-default\">Riflessioni, racconti ed esperienze per vivere il cammino oltre i chilometri<\/div>\t\t\t\t<\/div>\n\t\t\t\t<\/div>\n\t\t\t\t<div class=\"elementor-element elementor-element-c353203 elementor-widget__width-initial elementor-widget-tablet__width-inherit elementor-widget-mobile__width-inherit elementor-widget elementor-widget-heading\" data-id=\"c353203\" data-element_type=\"widget\" data-widget_type=\"heading.default\">\n\t\t\t\t<div class=\"elementor-widget-container\">\n\t\t\t\t\t<h2 class=\"elementor-heading-title elementor-size-default\">Storie e ispirazioni di viaggio lento\u201d<\/h2>\t\t\t\t<\/div>\n\t\t\t\t<\/div>\n\t\t\t\t<div class=\"elementor-element elementor-element-fd3cc64 elementor-widget elementor-widget-elementskit-post-list\" data-id=\"fd3cc64\" data-element_type=\"widget\" data-widget_type=\"elementskit-post-list.default\">\n\t\t\t\t<div class=\"elementor-widget-container\">\n\t\t\t\t\t<div class=\"ekit-wid-con\" >\t\t<ul class=\"elementor-icon-list-items ekit-post-list-wrapper  elementor-inline-items\">\n\t\t\t\t\t\t<li class=\"elementor-icon-list-item col-lg-6  col-xs-12\">\n\t\t\t\t<a href=\"https:\/\/suadeo.it\/staging\/caminera\/ispirazione\/cammino-sostenibile-impatto-ambientale\/\" >\n\t\t\t\t\t<img decoding=\"async\" width=\"1600\" height=\"900\" src=\"https:\/\/suadeo.it\/staging\/caminera\/wp-content\/uploads\/2025\/07\/Il-cammino-sostenibile.jpg\" class=\"attachment-full size-full wp-post-image\" alt=\"Il-cammino-sostenibile\" srcset=\"https:\/\/suadeo.it\/staging\/caminera\/wp-content\/uploads\/2025\/07\/Il-cammino-sostenibile.jpg 1600w, https:\/\/suadeo.it\/staging\/caminera\/wp-content\/uploads\/2025\/07\/Il-cammino-sostenibile-300x169.jpg 300w, https:\/\/suadeo.it\/staging\/caminera\/wp-content\/uploads\/2025\/07\/Il-cammino-sostenibile-1024x576.jpg 1024w, https:\/\/suadeo.it\/staging\/caminera\/wp-content\/uploads\/2025\/07\/Il-cammino-sostenibile-768x432.jpg 768w, https:\/\/suadeo.it\/staging\/caminera\/wp-content\/uploads\/2025\/07\/Il-cammino-sostenibile-1536x864.jpg 1536w\" sizes=\"(max-width: 1600px) 100vw, 1600px\" \/>\t\t\t\t\t<div class=\"ekit_post_list_content_wraper\">\n\t\t\t\t\t\t\n\t\t\t\t\t\t<span class=\"elementor-icon-list-text\">Il cammino sostenibile: ridurre l\u2019impatto ambientale passo dopo passo<\/span>\n\n\t\t\t\t\t\t\t\t\t\t\t<\/div>\n\t\t\t\t<\/a>\n\t\t\t<\/li>\n\t\t\t\t\t<li class=\"elementor-icon-list-item col-lg-6  col-xs-12\">\n\t\t\t\t<a href=\"https:\/\/suadeo.it\/staging\/caminera\/ispirazione\/cammini-lenti-in-italia\/\" >\n\t\t\t\t\t<img decoding=\"async\" width=\"1600\" height=\"900\" src=\"https:\/\/suadeo.it\/staging\/caminera\/wp-content\/uploads\/2025\/07\/3-Cammini-Lenti-in-Italia.jpg\" class=\"attachment-full size-full wp-post-image\" alt=\"3-Cammini-Lenti-in-Italia\" srcset=\"https:\/\/suadeo.it\/staging\/caminera\/wp-content\/uploads\/2025\/07\/3-Cammini-Lenti-in-Italia.jpg 1600w, https:\/\/suadeo.it\/staging\/caminera\/wp-content\/uploads\/2025\/07\/3-Cammini-Lenti-in-Italia-300x169.jpg 300w, https:\/\/suadeo.it\/staging\/caminera\/wp-content\/uploads\/2025\/07\/3-Cammini-Lenti-in-Italia-1024x576.jpg 1024w, https:\/\/suadeo.it\/staging\/caminera\/wp-content\/uploads\/2025\/07\/3-Cammini-Lenti-in-Italia-768x432.jpg 768w, https:\/\/suadeo.it\/staging\/caminera\/wp-content\/uploads\/2025\/07\/3-Cammini-Lenti-in-Italia-1536x864.jpg 1536w\" sizes=\"(max-width: 1600px) 100vw, 1600px\" \/>\t\t\t\t\t<div class=\"ekit_post_list_content_wraper\">\n\t\t\t\t\t\t\n\t\t\t\t\t\t<span class=\"elementor-icon-list-text\">3 Cammini Lenti in Italia Imperdibili per Iniziare a Camminare<\/span>\n\n\t\t\t\t\t\t\t\t\t\t\t<\/div>\n\t\t\t\t<\/a>\n\t\t\t<\/li>\n\t\t\t\t<\/ul>\n\t\t<\/div>\t\t\t\t<\/div>\n\t\t\t\t<\/div>\n\t\t\t\t<\/div>\n\t\t\t\t<\/div>\n\t\t\t\t<\/div>\n\t\t\t\t<\/div>\n\t\t","protected":false},"excerpt":{"rendered":"<p>Dove ogni passo diventa scoperta, ispirazione e incontro con s\u00e9 stessi. Il nostro cammino Caminera nasce da un\u2019idea semplice ma potente: camminare non \u00e8 solo movimento, \u00e8 trasformazione. Ogni passo \u00e8 un\u2019occasione per rallentare, ascoltare, guardare dentro di s\u00e9. Lungo i sentieri, lontano dalla fretta quotidiana, la mente si apre, le idee prendono forma e [&hellip;]<\/p>\n","protected":false},"author":1,"featured_media":0,"parent":0,"menu_order":0,"comment_status":"closed","ping_status":"closed","template":"elementor_header_footer","meta":{"_acf_changed":false,"footnotes":""},"class_list":["post-2552","page","type-page","status-publish","hentry"],"acf":[],"_links":{"self":[{"href":"https:\/\/suadeo.it\/staging\/caminera\/wp-json\/wp\/v2\/pages\/2552","targetHints":{"allow":["GET"]}}],"collection":[{"href":"https:\/\/suadeo.it\/staging\/caminera\/wp-json\/wp\/v2\/pages"}],"about":[{"href":"https:\/\/suadeo.it\/staging\/caminera\/wp-json\/wp\/v2\/types\/page"}],"author":[{"embeddable":true,"href":"https:\/\/suadeo.it\/staging\/caminera\/wp-json\/wp\/v2\/users\/1"}],"replies":[{"embeddable":true,"href":"https:\/\/suadeo.it\/staging\/caminera\/wp-json\/wp\/v2\/comments?post=2552"}],"version-history":[{"count":33,"href":"https:\/\/suadeo.it\/staging\/caminera\/wp-json\/wp\/v2\/pages\/2552\/revisions"}],"predecessor-version":[{"id":3020,"href":"https:\/\/suadeo.it\/staging\/caminera\/wp-json\/wp\/v2\/pages\/2552\/revisions\/3020"}],"wp:attachment":[{"href":"https:\/\/suadeo.it\/staging\/caminera\/wp-json\/wp\/v2\/media?parent=2552"}],"curies":[{"name":"wp","href":"https:\/\/api.w.org\/{rel}","templated":true}]}}